{"id":12711,"date":"2024-02-22T12:59:09","date_gmt":"2024-02-22T10:59:09","guid":{"rendered":"https:\/\/va-loo.ch\/?page_id=12711"},"modified":"2026-04-18T11:26:14","modified_gmt":"2026-04-18T09:26:14","slug":"flushlight","status":"publish","type":"page","link":"https:\/\/va-loo.ch\/en\/flushlight\/","title":{"rendered":"The Toilet in the Flushlight"},"content":{"rendered":"","protected":false},"excerpt":{"rendered":"<p>Flushed and gone? A person&#8217;s daily excrement contains enough nutrients to grow three carrots or the grain for 2.5 baguettes &#8211; a treasure that is flushed into the depths of our sewage system with drinking water. How can we utilise these resources and use water sparingly?<\/p>","protected":false},"author":3,"featured_media":0,"parent":0,"menu_order":0,"comment_status":"closed","ping_status":"closed","template":"","meta":{"footnotes":""},"class_list":["post-12711","page","type-page","status-publish","hentry"],"meta_box":{"flushlight_header":{"flushlight_title":"Wanderausstellung \u00fcber Wasser- und N\u00e4hrstoffkreisl\u00e4ufe","flushlight_description":"Flutsch und weg?\r\nDie t\u00e4glichen Ausscheidungen eines Menschen enthalten gen\u00fcgend N\u00e4hrstoffe, um drei Karotten oder das Getreide f\u00fcr 2,5 Baguettes wachsen zu lassen. Es handelt sich um einen wertvollen Rohstoff, der heute zusammen mit Trinkwasser in der Kanalisation verschwindet.\r\n\r\nDas Exponat Flushlight geht dieser Frage nach. Wie k\u00f6nnen wir diese N\u00e4hrstoffe zur\u00fcckgewinnen? Und wie k\u00f6nnen wir Wasser sinnvoller einsetzen? Von Fr\u00fchling 2023 bis Ende 2025 tourte die Wanderausstellung durch die Schweiz und zeigte L\u00f6sungen wie Komposttoiletten, Urind\u00fcnger und Wasserrecycling.","flushlight_image":"14115"},"podcasts_header":{"podcasts-title":"Podcasts","podcasts-description":"Entdeckt unsere Podcast-Serie, die im Rahmen der Ausstellung entstanden ist. Wir hoffen, dass sie euch gef\u00e4llt, und freuen uns auf einen regen Austausch mit euch."},"audio_de":[{"audio_de_title":"Dorothee Spuhler","audio_de_description":"Warum m\u00fcssen wir Wasser- und N\u00e4hrstoffkreisl\u00e4ufe heute neu denken?","audio_de_image":"12045","audio_de_file":["13047"]},{"audio_de_title":"Emmanuelle Bigot","audio_de_description":"Wie l\u00e4sst sich der Inhalt von Trockentoiletten sicher und hygienisch behandeln?","audio_de_image":"13310","audio_de_file":["13050"]},{"audio_de_title":"Pauline Dayer","audio_de_description":"Wie k\u00f6nnen kreislauff\u00e4hige Sanit\u00e4rsysteme alltagstauglich in Mehrfamilienh\u00e4usern integriert werden?","audio_de_image":"13309","audio_de_file":["13049"]},{"audio_de_title":"David de Chambrier","audio_de_description":"Welches Potenzial steckt in Recyclingd\u00fcngern \u2013 und was bedeutet das f\u00fcr die Landwirtschaft?","audio_de_image":"13313","audio_de_file":["13048"]},{"audio_de_title":"Andri Heidler","audio_de_description":"Welche politischen und rechtlichen Rahmenbedingungen braucht eine zirkul\u00e4re Sanit\u00e4rversorgung?","audio_de_image":"13311","audio_de_file":["13046"]}],"audio_fr":[{"audio_fr_title":"Dorothee Spuhler","audio_fr_description":"Pourquoi faut-il fermer les cycles de l\u2019eau et des nutriments ?","audio_fr_image":"12045","audio_fr_file":["13036"]},{"audio_fr_title":"Emmanuelle Bigot","audio_fr_description":"Comment le contenu des toilettes s\u00e8ches peut-il \u00eatre \u00e9limin\u00e9 de mani\u00e8re hygi\u00e9nique et s\u00fbre ?","audio_fr_image":"13310","audio_fr_file":["13039"]},{"audio_fr_title":"Pauline Dayer","audio_fr_description":"Comment mettre en place des syst\u00e8mes sanitaires \u00e0 circuit ferm\u00e9 dans les immeubles d\u2019habitation ?","audio_fr_image":"13309","audio_fr_file":["13038"]},{"audio_fr_title":"David de Chambrier","audio_fr_description":"Quel est le potentiel des engrais recycl\u00e9s ?","audio_fr_image":"13313","audio_fr_file":["13037"]},{"audio_fr_title":"Andri Heidler","audio_fr_description":"Quel est le cadre politique et juridique n\u00e9cessaire ?","audio_fr_image":"13311","audio_fr_file":["13035"]}],"buche_uns":"<!-- wp:heading -->\r\n<h2 class=\"wp-block-heading\">Buche uns!<\/h2>\r\n<!-- \/wp:heading -->\r\n\r\n<!-- wp:paragraph -->\r\n<p>Sind Sie interessiert, das stille \u00d6rtchen mit uns ins \u201eFlushlight\u201d zu r\u00fccken?<br><br>Sie k\u00f6nnen unser Exponat \u201eFlushlight\u201d sowie weitere Materialien zur Wissensvermittlung f\u00fcr Messen, Veranstaltungen oder andere Anl\u00e4sse buchen. Nehmen Sie dazu einfach Kontakt mit uns auf.<br><br>Buchen Sie uns!<\/p>\r\n<!-- \/wp:paragraph -->\r\n\r\n<!-- wp:image {\"id\":13114,\"sizeSlug\":\"large\",\"linkDestination\":\"none\"} -->\r\n<figure class=\"wp-block-image size-large\"><img src=\"https:\/\/va-loo.ch\/wp-content\/uploads\/2024\/10\/241021_Karte_VaLoo_Roadshow-Stationen-1500x1244.png\" alt=\"\" class=\"wp-image-13114\"\/><\/figure>\r\n<!-- \/wp:image -->"},"_links":{"self":[{"href":"https:\/\/va-loo.ch\/en\/wp-json\/wp\/v2\/pages\/12711","targetHints":{"allow":["GET"]}}],"collection":[{"href":"https:\/\/va-loo.ch\/en\/wp-json\/wp\/v2\/pages"}],"about":[{"href":"https:\/\/va-loo.ch\/en\/wp-json\/wp\/v2\/types\/page"}],"author":[{"embeddable":true,"href":"https:\/\/va-loo.ch\/en\/wp-json\/wp\/v2\/users\/3"}],"replies":[{"embeddable":true,"href":"https:\/\/va-loo.ch\/en\/wp-json\/wp\/v2\/comments?post=12711"}],"version-history":[{"count":3,"href":"https:\/\/va-loo.ch\/en\/wp-json\/wp\/v2\/pages\/12711\/revisions"}],"predecessor-version":[{"id":14011,"href":"https:\/\/va-loo.ch\/en\/wp-json\/wp\/v2\/pages\/12711\/revisions\/14011"}],"wp:attachment":[{"href":"https:\/\/va-loo.ch\/en\/wp-json\/wp\/v2\/media?parent=12711"}],"curies":[{"name":"wp","href":"https:\/\/api.w.org\/{rel}","templated":true}]}}