{"id":13869,"date":"2025-12-25T22:10:19","date_gmt":"2025-12-25T20:10:19","guid":{"rendered":"https:\/\/test.varbane.com\/?page_id=13869"},"modified":"2026-01-19T00:09:55","modified_gmt":"2026-01-18T22:09:55","slug":"circular-sanitation","status":"publish","type":"page","link":"https:\/\/va-loo.ch\/en\/circular-sanitation\/","title":{"rendered":"Ressource-oriented Sanitation Systems"},"content":{"rendered":"<p>In resource-oriented sanitation systems, human waste and wastewater are considered valuable raw materials, not waste. These systems aim to recover water, energy, and nutrients while protecting the environment and public health.<\/p>\n\n\n\n<p>These systems connect housing, food production, and consumption in a closed cycle.<\/p>\n\n\n\n<p>Through separate collection, innovative treatment, and targeted recycling, nutrients, organic substances, and water can be reused. This reduces the use of drinking water, lowers energy consumption, and establishes the foundation for circular and resilient sanitation systems.<\/p>\n\n\n\n<p><\/p>","protected":false},"excerpt":{"rendered":"<p>Bei ressourcenorientierten Sanit\u00e4rsystemen werden menschliche Ausscheidungen und Abwasser nicht als Abfall, sondern als wertvolle Rohstoffe betrachtet. Das Ziel besteht darin, Wasser, Energie und N\u00e4hrstoffe zur\u00fcckzugewinnen und dabei die Umwelt sowie die \u00f6ffentliche Gesundheit zu sch\u00fctzen. Sie verkn\u00fcpfen die Bereiche Wohnen, Arbeiten, Lebensmittelproduktion und -Konsum in einem geschlossenen Kreislauf. Indem wir Abwasserstr\u00f6me getrennt erfassen, innovativ behandeln, [&hellip;]<\/p>","protected":false},"author":113,"featured_media":0,"parent":0,"menu_order":0,"comment_status":"closed","ping_status":"closed","template":"","meta":{"footnotes":""},"class_list":["post-13869","page","type-page","status-publish","hentry"],"meta_box":{"flushlight_header":[],"podcasts_header":[],"audio_de":[],"audio_fr":[],"buche_uns":""},"_links":{"self":[{"href":"https:\/\/va-loo.ch\/en\/wp-json\/wp\/v2\/pages\/13869","targetHints":{"allow":["GET"]}}],"collection":[{"href":"https:\/\/va-loo.ch\/en\/wp-json\/wp\/v2\/pages"}],"about":[{"href":"https:\/\/va-loo.ch\/en\/wp-json\/wp\/v2\/types\/page"}],"author":[{"embeddable":true,"href":"https:\/\/va-loo.ch\/en\/wp-json\/wp\/v2\/users\/113"}],"replies":[{"embeddable":true,"href":"https:\/\/va-loo.ch\/en\/wp-json\/wp\/v2\/comments?post=13869"}],"version-history":[{"count":1,"href":"https:\/\/va-loo.ch\/en\/wp-json\/wp\/v2\/pages\/13869\/revisions"}],"predecessor-version":[{"id":13870,"href":"https:\/\/va-loo.ch\/en\/wp-json\/wp\/v2\/pages\/13869\/revisions\/13870"}],"wp:attachment":[{"href":"https:\/\/va-loo.ch\/en\/wp-json\/wp\/v2\/media?parent=13869"}],"curies":[{"name":"wp","href":"https:\/\/api.w.org\/{rel}","templated":true}]}}