{"id":13883,"date":"2025-12-26T14:08:03","date_gmt":"2025-12-26T12:08:03","guid":{"rendered":"https:\/\/test.varbane.com\/?page_id=13883"},"modified":"2026-01-20T11:47:05","modified_gmt":"2026-01-20T09:47:05","slug":"sustainable-development-goals","status":"publish","type":"page","link":"https:\/\/va-loo.ch\/en\/sustainable-development-goals\/","title":{"rendered":"Suistanable Development Goals"},"content":{"rendered":"<p><strong>VaLoo is committed to transforming the way we think about sanitation. Instead of viewing it as a reactive \"wastewater disposal\" system, VaLoo envisions a proactive, circular sanitation economy. This makes sanitation a central component of sustainable resource management.<\/strong><\/p>\n\n\n\n<p>A circular sanitation economy supports three sustainability goals:<\/p>\n\n\n\n<ol class=\"wp-block-list\">\n<li>It promotes safe and sustainable sanitation (SDG 6).<\/li>\n\n\n\n<li>It strengthens resilient, livable cities (SDG 11).<\/li>\n\n\n\n<li>It enables the responsible production of fertilizers, which is an essential contribution to sustainable food production (SDGs 2 and 12).<\/li>\n<\/ol>\n\n\n\n<p>Thus, resource-oriented sanitation systems contribute to climate- and resource-friendly solutions in Switzerland.<\/p>\n\n\n\n<div class=\"wp-block-group is-layout-grid wp-container-core-group-is-layout-09953040 wp-block-group-is-layout-grid\">\n<div class=\"wp-block-group is-layout-constrained wp-block-group-is-layout-constrained\">\n<figure class=\"wp-block-image size-full\"><img loading=\"lazy\" decoding=\"async\" width=\"317\" height=\"317\" src=\"https:\/\/va-loo.ch\/wp-content\/uploads\/2025\/12\/zero-hunger.png\" alt=\"\" class=\"wp-image-13884\" srcset=\"https:\/\/va-loo.ch\/wp-content\/uploads\/2025\/12\/zero-hunger.png 317w, https:\/\/va-loo.ch\/wp-content\/uploads\/2025\/12\/zero-hunger-300x300.png 300w, https:\/\/va-loo.ch\/wp-content\/uploads\/2025\/12\/zero-hunger-12x12.png 12w\" sizes=\"auto, (max-width: 317px) 100vw, 317px\" \/><\/figure>\n\n\n<div class=\"va-btn_wrapper\"><a target=\"_blank\" href=\"https:\/\/va-loo.ch\/wp-content\/uploads\/2025\/12\/2_Why-It-Matters-2020.pdf\" class=\"va-btn\">Read more<\/a><\/div><\/div>\n\n\n\n<div class=\"wp-block-group is-layout-constrained wp-block-group-is-layout-constrained\">\n<figure class=\"wp-block-image size-full\"><img loading=\"lazy\" decoding=\"async\" width=\"317\" height=\"317\" src=\"https:\/\/va-loo.ch\/wp-content\/uploads\/2025\/12\/clean-water.png\" alt=\"\" class=\"wp-image-13885\" srcset=\"https:\/\/va-loo.ch\/wp-content\/uploads\/2025\/12\/clean-water.png 317w, https:\/\/va-loo.ch\/wp-content\/uploads\/2025\/12\/clean-water-300x300.png 300w, https:\/\/va-loo.ch\/wp-content\/uploads\/2025\/12\/clean-water-12x12.png 12w\" sizes=\"auto, (max-width: 317px) 100vw, 317px\" \/><\/figure>\n\n\n<div class=\"va-btn_wrapper\"><a target=\"_blank\" href=\"https:\/\/va-loo.ch\/wp-content\/uploads\/2025\/12\/6_Why-It-Matters-2020.pdf\" class=\"va-btn\">Read more<\/a><\/div><\/div>\n\n\n\n<div class=\"wp-block-group is-layout-constrained wp-block-group-is-layout-constrained\">\n<figure class=\"wp-block-image size-full\"><img loading=\"lazy\" decoding=\"async\" width=\"320\" height=\"320\" src=\"https:\/\/va-loo.ch\/wp-content\/uploads\/2025\/12\/cities.png\" alt=\"\" class=\"wp-image-13886\" srcset=\"https:\/\/va-loo.ch\/wp-content\/uploads\/2025\/12\/cities.png 320w, https:\/\/va-loo.ch\/wp-content\/uploads\/2025\/12\/cities-300x300.png 300w, https:\/\/va-loo.ch\/wp-content\/uploads\/2025\/12\/cities-12x12.png 12w\" sizes=\"auto, (max-width: 320px) 100vw, 320px\" \/><\/figure>\n\n\n<div class=\"va-btn_wrapper\"><a target=\"_blank\" href=\"https:\/\/va-loo.ch\/wp-content\/uploads\/2025\/12\/11_Why-It-Matters-2020.pdf\" class=\"va-btn\">Read more<\/a><\/div><\/div>\n\n\n\n<div class=\"wp-block-group is-layout-constrained wp-block-group-is-layout-constrained\">\n<figure class=\"wp-block-image size-full\"><img loading=\"lazy\" decoding=\"async\" width=\"317\" height=\"317\" src=\"https:\/\/va-loo.ch\/wp-content\/uploads\/2025\/12\/consumption.png\" alt=\"\" class=\"wp-image-13887\" srcset=\"https:\/\/va-loo.ch\/wp-content\/uploads\/2025\/12\/consumption.png 317w, https:\/\/va-loo.ch\/wp-content\/uploads\/2025\/12\/consumption-300x300.png 300w, https:\/\/va-loo.ch\/wp-content\/uploads\/2025\/12\/consumption-12x12.png 12w\" sizes=\"auto, (max-width: 317px) 100vw, 317px\" \/><\/figure>\n\n\n<div class=\"va-btn_wrapper\"><a target=\"_blank\" href=\"https:\/\/va-loo.ch\/wp-content\/uploads\/2025\/12\/12_Why-It-Matters-2020.pdf\" class=\"va-btn\">Read more<\/a><\/div><\/div>\n<\/div>","protected":false},"excerpt":{"rendered":"<p>VaLoo setzt sich daf\u00fcr ein, die Sanit\u00e4rversorgung von einer reaktiven \u201eAbwasserentsorgung\u201c zu einer proaktiven, zirkul\u00e4ren Sanit\u00e4rwirtschaft weiterzuentwickeln. Dadurch wird die Sanit\u00e4rversorgung zu einem zentralen Baustein f\u00fcr ein nachhaltiges Ressourcenmanagement. Eine kreislauff\u00e4hige Sanit\u00e4rwirtschaft unterst\u00fctzt gleich drei Nachhaltigkeitsziele: Somit leisten ressourcenorientierte Sanit\u00e4rsysteme einen konkreten Beitrag zu klima- und ressourcenschonenden L\u00f6sungen in der Schweiz.<\/p>","protected":false},"author":113,"featured_media":0,"parent":0,"menu_order":0,"comment_status":"closed","ping_status":"closed","template":"","meta":{"footnotes":""},"class_list":["post-13883","page","type-page","status-publish","hentry"],"meta_box":{"flushlight_header":[],"podcasts_header":[],"audio_de":[],"audio_fr":[],"buche_uns":""},"_links":{"self":[{"href":"https:\/\/va-loo.ch\/en\/wp-json\/wp\/v2\/pages\/13883","targetHints":{"allow":["GET"]}}],"collection":[{"href":"https:\/\/va-loo.ch\/en\/wp-json\/wp\/v2\/pages"}],"about":[{"href":"https:\/\/va-loo.ch\/en\/wp-json\/wp\/v2\/types\/page"}],"author":[{"embeddable":true,"href":"https:\/\/va-loo.ch\/en\/wp-json\/wp\/v2\/users\/113"}],"replies":[{"embeddable":true,"href":"https:\/\/va-loo.ch\/en\/wp-json\/wp\/v2\/comments?post=13883"}],"version-history":[{"count":1,"href":"https:\/\/va-loo.ch\/en\/wp-json\/wp\/v2\/pages\/13883\/revisions"}],"predecessor-version":[{"id":13888,"href":"https:\/\/va-loo.ch\/en\/wp-json\/wp\/v2\/pages\/13883\/revisions\/13888"}],"wp:attachment":[{"href":"https:\/\/va-loo.ch\/en\/wp-json\/wp\/v2\/media?parent=13883"}],"curies":[{"name":"wp","href":"https:\/\/api.w.org\/{rel}","templated":true}]}}