{"id":13906,"date":"2025-12-26T18:17:26","date_gmt":"2025-12-26T16:17:26","guid":{"rendered":"https:\/\/test.varbane.com\/?page_id=13906"},"modified":"2026-01-19T14:54:02","modified_gmt":"2026-01-19T12:54:02","slug":"media","status":"publish","type":"page","link":"https:\/\/va-loo.ch\/en\/media\/","title":{"rendered":"Media"},"content":{"rendered":"<p>Would you like to report on VaLoo or other circular sanitation systems? <br>If so, please contact us by <a href=\"mailto:info@va-loo.ch\" data-type=\"mailto\" data-id=\"mailto:info@va-loo.ch\">E-Mail.<\/a>We look forward to hearing from you!<\/p>\n\n\n\n<div class=\"wp-block-group is-layout-constrained wp-block-group-is-layout-constrained\">\n<h2 class=\"wp-block-heading\">Downloads<\/h2>\n\n\n\n\t<a href=\"https:\/\/va-loo.ch\/wp-content\/uploads\/2023\/05\/VaLoo_Infografik-mit-Referenz_EN.pdf\" class=\"va-post__downloads\" target=\"_blank\" download>\n\t\t<div class=\"va-downloads-icon\">\n\t\t\t<div class=\"brxe-div relative scroll-down-download\">\n\t\t\t\t<svg class=\"brxe-svg\" xmlns=\"http:\/\/www.w3.org\/2000\/svg\" width=\"45\" height=\"58\" viewbox=\"0 0 45 58\" fill=\"none\">\n\t\t\t\t\t<path d=\"M5.54217 57.5C4.01807 57.5 2.71381 56.9375 1.6294 55.8124C0.543132 54.6854 0 53.3312 0 51.75V5.75C0 4.16875 0.543132 2.81462 1.6294 1.68762C2.71381 0.562541 4.01807 0 5.54217 0H27.7108L44.3374 17.25V51.75C44.3374 53.3312 43.7951 54.6854 42.7107 55.8124C41.6245 56.9375 40.3193 57.5 38.7952 57.5H5.54217ZM24.9398 20.125H38.7952L24.9398 5.75V20.125Z\" fill=\"#384FBB\"><\/path>\n\t\t\t\t<\/svg>\n\n\t\t\t\t<svg class=\"brxe-svg scroll-down-icon\" xmlns=\"http:\/\/www.w3.org\/2000\/svg\" width=\"20\" height=\"21\" viewbox=\"0 0 20 21\" fill=\"none\">\n\t\t\t\t\t<path d=\"M10 20.7502L0 10.7502L1.75 8.96899L8.75 15.969V0.750244H11.25V15.969L18.25 8.96899L20 10.7502L10 20.7502Z\" fill=\"white\"><\/path>\n\t\t\t\t<\/svg>\n\t\t\t<\/div>\n\n\t\t\t<div>\n\t\t\t\tVaLoo Infografik\t\t\t<\/div>\n\t\t<\/div>\n\t<\/a>\n\n<\/div>\n\n\n\n<div class=\"wp-block-group is-layout-constrained wp-block-group-is-layout-constrained\">\n<h2 class=\"wp-block-heading\">Audio<\/h2>\n\n\n\n<p>Radio SRF 3 &#8211; Sch\u00f6ne Scheisse: F\u00e4kalien sind nicht \u00abw\u00e4h\u00bb, sondern \u00abwow\u00bb<\/p>\n\n\n\n<figure class=\"wp-block-audio\"><audio controls src=\"https:\/\/va-loo.ch\/wp-content\/uploads\/2023\/03\/Input_01-06-2022-1500.1654017259630.mp3\"><\/audio><\/figure>\n<\/div>","protected":false},"excerpt":{"rendered":"<p>Sie m\u00f6chten \u00fcber VaLoo oder kreislauff\u00e4hige Sanit\u00e4rsysteme berichten? Dann kontaktieren Sie uns per E-Mail. Wir freuen uns auf Ihre Anfrage! Downloads Audio Radio SRF 3 &#8211; Sch\u00f6ne Scheisse: F\u00e4kalien sind nicht \u00abw\u00e4h\u00bb, sondern \u00abwow\u00bb<\/p>","protected":false},"author":113,"featured_media":0,"parent":0,"menu_order":0,"comment_status":"closed","ping_status":"closed","template":"","meta":{"footnotes":""},"class_list":["post-13906","page","type-page","status-publish","hentry"],"meta_box":{"flushlight_header":[],"podcasts_header":[],"audio_de":[],"audio_fr":[],"buche_uns":""},"_links":{"self":[{"href":"https:\/\/va-loo.ch\/en\/wp-json\/wp\/v2\/pages\/13906","targetHints":{"allow":["GET"]}}],"collection":[{"href":"https:\/\/va-loo.ch\/en\/wp-json\/wp\/v2\/pages"}],"about":[{"href":"https:\/\/va-loo.ch\/en\/wp-json\/wp\/v2\/types\/page"}],"author":[{"embeddable":true,"href":"https:\/\/va-loo.ch\/en\/wp-json\/wp\/v2\/users\/113"}],"replies":[{"embeddable":true,"href":"https:\/\/va-loo.ch\/en\/wp-json\/wp\/v2\/comments?post=13906"}],"version-history":[{"count":1,"href":"https:\/\/va-loo.ch\/en\/wp-json\/wp\/v2\/pages\/13906\/revisions"}],"predecessor-version":[{"id":13907,"href":"https:\/\/va-loo.ch\/en\/wp-json\/wp\/v2\/pages\/13906\/revisions\/13907"}],"wp:attachment":[{"href":"https:\/\/va-loo.ch\/en\/wp-json\/wp\/v2\/media?parent=13906"}],"curies":[{"name":"wp","href":"https:\/\/api.w.org\/{rel}","templated":true}]}}