{"id":14001,"date":"2026-01-16T19:33:30","date_gmt":"2026-01-16T17:33:30","guid":{"rendered":"https:\/\/test.varbane.com\/?page_id=14001"},"modified":"2026-01-19T14:58:11","modified_gmt":"2026-01-19T12:58:11","slug":"newsletter","status":"publish","type":"page","link":"https:\/\/va-loo.ch\/en\/newsletter\/","title":{"rendered":"Newsletter"},"content":{"rendered":"<div class=\"va-mailchimp-archive\"><div class=\"va-mailchimp-item\"><div class=\"va-mailchimp-date\">16.01.2026<\/div><div class=\"va-mailchimp-title\"><a href=\"https:\/\/mailchi.mp\/919dd635bb96\/valoo-peak-course-18170678\" target=\"_blank\" rel=\"noopener\">VaLoo Mitgliederversammlung &amp; Zukunftsworkshop \u00abFuture of Sanitation\u00bb | Assembl\u00e9e g\u00e9n\u00e9rale VaLoo &amp; Atelier sur l&#039;avenir \u00abFuture of Sanitation\u00bb<\/a><\/div><\/div><div class=\"va-mailchimp-item\"><div class=\"va-mailchimp-date\">11.12.2025<\/div><div class=\"va-mailchimp-title\"><a href=\"https:\/\/mailchi.mp\/3c416a915e0b\/valoo-peak-course-18169966\" target=\"_blank\" rel=\"noopener\">PEAK-Kurs: Anmelden &amp; exklusiv sparen! | Cours PEAK : Inscrire pour une r\u00e9duction exclusive !<\/a><\/div><\/div><div class=\"va-mailchimp-item\"><div class=\"va-mailchimp-date\">06.11.2025<\/div><div class=\"va-mailchimp-title\"><a href=\"https:\/\/mailchi.mp\/794fc4cd1bd2\/valoo-community-update-18167882\" target=\"_blank\" rel=\"noopener\">Newsletter November 2025 | Newsletter Novembre 2025<\/a><\/div><\/div><div class=\"va-mailchimp-item\"><div class=\"va-mailchimp-date\">28.08.2025<\/div><div class=\"va-mailchimp-title\"><a href=\"https:\/\/mailchi.mp\/4b5684a538cc\/valoo-community-update-18166530\" target=\"_blank\" rel=\"noopener\">August 2025: Case Studies &amp; Volle Event Saison | Ao\u00fbt 2025 : Case Studies et saison riche en \u00e9v\u00e9nements<\/a><\/div><\/div><div class=\"va-mailchimp-item\"><div class=\"va-mailchimp-date\">19.05.2025<\/div><div class=\"va-mailchimp-title\"><a href=\"https:\/\/mailchi.mp\/84429b32556c\/valoo-community-update-18164329\" target=\"_blank\" rel=\"noopener\">Sommer 2025: Projekte, Partner &amp; Perspektiven | \u00c9t\u00e9 2025 : projets, partenaires et perspectives<\/a><\/div><\/div><div class=\"va-mailchimp-item\"><div class=\"va-mailchimp-date\">27.02.2025<\/div><div class=\"va-mailchimp-title\"><a href=\"https:\/\/mailchi.mp\/1b02a2117b43\/valoo-community-update-18162337\" target=\"_blank\" rel=\"noopener\">Invitation: Join us at the VaLoo Members Assembly 2025 at the beautiful\u00a0Lake Biel<\/a><\/div><\/div><div class=\"va-mailchimp-item\"><div class=\"va-mailchimp-date\">24.02.2025<\/div><div class=\"va-mailchimp-title\"><a href=\"https:\/\/mailchi.mp\/5169f7a99fc5\/valoo-community-update-18162336\" target=\"_blank\" rel=\"noopener\">Exciting news: Podcast series, registration for our members assembly, plans for 2025<\/a><\/div><\/div><div class=\"va-mailchimp-item\"><div class=\"va-mailchimp-date\">26.08.2024<\/div><div class=\"va-mailchimp-title\"><a href=\"https:\/\/mailchi.mp\/766ad1291d82\/valoo-community-update-18020010\" target=\"_blank\" rel=\"noopener\">VaLoo is back from summer break! \ud83d\ude0e<\/a><\/div><\/div><div class=\"va-mailchimp-item\"><div class=\"va-mailchimp-date\">14.03.2024<\/div><div class=\"va-mailchimp-title\"><a href=\"https:\/\/mailchi.mp\/89db8b430c8f\/valoo-community-update-17654285\" target=\"_blank\" rel=\"noopener\">Assembly and film screening coming up \ud83d\udebd\ud83c\udfa5<\/a><\/div><\/div><div class=\"va-mailchimp-item\"><div class=\"va-mailchimp-date\">20.02.2024<\/div><div class=\"va-mailchimp-title\"><a href=\"https:\/\/mailchi.mp\/20d7dd2394c7\/valoo-community-update-17648713\" target=\"_blank\" rel=\"noopener\">Assemblies ahead \ud83d\udcc5\ud83d\udebd<\/a><\/div><\/div><div class=\"va-mailchimp-item\"><div class=\"va-mailchimp-date\">19.11.2023<\/div><div class=\"va-mailchimp-title\"><a href=\"https:\/\/mailchi.mp\/87fa824737a8\/valoo-community-update-17585411\" target=\"_blank\" rel=\"noopener\">VaLoo news for World Toilet Day<\/a><\/div><\/div><div class=\"va-mailchimp-item\"><div class=\"va-mailchimp-date\">04.10.2023<\/div><div class=\"va-mailchimp-title\"><a href=\"https:\/\/mailchi.mp\/58477c337cc9\/valoo-community-update-17408147\" target=\"_blank\" rel=\"noopener\">Don&#039;t forget to sign up<\/a><\/div><\/div><div class=\"va-mailchimp-item\"><div class=\"va-mailchimp-date\">17.08.2023<\/div><div class=\"va-mailchimp-title\"><a href=\"https:\/\/mailchi.mp\/c7f650871db1\/valoo-community-update-17400096\" target=\"_blank\" rel=\"noopener\">VaLoo Community Update<\/a><\/div><\/div><div class=\"va-mailchimp-item\"><div class=\"va-mailchimp-date\">09.08.2023<\/div><div class=\"va-mailchimp-title\"><a href=\"https:\/\/mailchi.mp\/d40eb485e340\/valoo-community-update-17398728\" target=\"_blank\" rel=\"noopener\">Explore our new website<\/a><\/div><\/div><div class=\"va-mailchimp-item\"><div class=\"va-mailchimp-date\">06.06.2023<\/div><div class=\"va-mailchimp-title\"><a href=\"https:\/\/mailchi.mp\/5e64e63012f3\/valoo-community-update\" target=\"_blank\" rel=\"noopener\">VaLoo Community Update<\/a><\/div><\/div><div class=\"va-mailchimp-item\"><div class=\"va-mailchimp-date\">15.05.2023<\/div><div class=\"va-mailchimp-title\"><a href=\"https:\/\/mailchi.mp\/a71aa94df7a8\/le-prochain-atelier-valoo\" target=\"_blank\" rel=\"noopener\">Le prochain atelier VaLoo<\/a><\/div><\/div><div class=\"va-mailchimp-item\"><div class=\"va-mailchimp-date\">15.05.2023<\/div><div class=\"va-mailchimp-title\"><a href=\"https:\/\/mailchi.mp\/969607ca69bf\/der-nchste-valoo-workshop-steht-an\" target=\"_blank\" rel=\"noopener\">Der n\u00e4chste VaLoo-Workshop steht an<\/a><\/div><\/div><div class=\"va-mailchimp-item\"><div class=\"va-mailchimp-date\">29.03.2023<\/div><div class=\"va-mailchimp-title\"><a href=\"https:\/\/mailchi.mp\/854753c79eca\/invitation-to-the-general-assembly-17328135\" target=\"_blank\" rel=\"noopener\">Flushback to the General Assembly\u00a0\ud83d\udebd<\/a><\/div><\/div><div class=\"va-mailchimp-item\"><div class=\"va-mailchimp-date\">17.03.2023<\/div><div class=\"va-mailchimp-title\"><a href=\"https:\/\/mailchi.mp\/c6c40f019bdd\/invitation-to-the-general-assembly-17324387\" target=\"_blank\" rel=\"noopener\">General assembly, project proposals &amp; job ad<\/a><\/div><\/div><div class=\"va-mailchimp-item\"><div class=\"va-mailchimp-date\">24.02.2023<\/div><div class=\"va-mailchimp-title\"><a href=\"https:\/\/mailchi.mp\/1867108b7168\/invitation-to-the-general-assembly\" target=\"_blank\" rel=\"noopener\">Invitation to the General Assembly<\/a><\/div><\/div><div class=\"va-mailchimp-item\"><div class=\"va-mailchimp-date\">16.02.2023<\/div><div class=\"va-mailchimp-title\"><a href=\"https:\/\/mailchi.mp\/a6797125fe99\/valoo-soutient-des-projets-jusqu-30000-chf\" target=\"_blank\" rel=\"noopener\">VaLoo soutient des projets jusqu&#039;\u00e0 30&#039;000 CHF<\/a><\/div><\/div><div class=\"va-mailchimp-item\"><div class=\"va-mailchimp-date\">16.02.2023<\/div><div class=\"va-mailchimp-title\"><a href=\"https:\/\/mailchi.mp\/ada72199f0a0\/valoo-untersttzt-projekte-mit-bis-zu-30000-chf\" target=\"_blank\" rel=\"noopener\">VaLoo unterst\u00fctzt Projekte mit bis zu 30&#039;000 CHF<\/a><\/div><\/div><div class=\"va-mailchimp-item\"><div class=\"va-mailchimp-date\">11.11.2022<\/div><div class=\"va-mailchimp-title\"><a href=\"https:\/\/mailchi.mp\/3b91f49f1225\/deux-premires-pour-valoo\" target=\"_blank\" rel=\"noopener\">Deux premi\u00e8res pour VaLoo<\/a><\/div><\/div><div class=\"va-mailchimp-item\"><div class=\"va-mailchimp-date\">11.11.2022<\/div><div class=\"va-mailchimp-title\"><a href=\"https:\/\/mailchi.mp\/54ef171546ed\/gleich-zwei-premieren-fr-valoo\" target=\"_blank\" rel=\"noopener\">Gleich zwei Premieren f\u00fcr VaLoo<\/a><\/div><\/div><div class=\"va-mailchimp-item\"><div class=\"va-mailchimp-date\">05.10.2022<\/div><div class=\"va-mailchimp-title\"><a href=\"https:\/\/mailchi.mp\/b2ba82f6dbdb\/visiter-les-installations-de-nos-membres\" target=\"_blank\" rel=\"noopener\">Visiter les installations de nos membres<\/a><\/div><\/div><div class=\"va-mailchimp-item\"><div class=\"va-mailchimp-date\">05.10.2022<\/div><div class=\"va-mailchimp-title\"><a href=\"https:\/\/mailchi.mp\/afc349ad2e3c\/anlagen-unserer-mitglieder-besuchen\" target=\"_blank\" rel=\"noopener\">Anlagen unserer Mitglieder besuchen<\/a><\/div><\/div><div class=\"va-mailchimp-item\"><div class=\"va-mailchimp-date\">26.09.2022<\/div><div class=\"va-mailchimp-title\"><a href=\"https:\/\/mailchi.mp\/7196bc8f3d2e\/einladung-zum-world-toilet-day-2022\" target=\"_blank\" rel=\"noopener\">Einladung zum World Toilet Day 2022<\/a><\/div><\/div><div class=\"va-mailchimp-item\"><div class=\"va-mailchimp-date\">26.09.2022<\/div><div class=\"va-mailchimp-title\"><a href=\"https:\/\/mailchi.mp\/e845e6c8cf51\/invitation-la-world-toilet-day-2022\" target=\"_blank\" rel=\"noopener\">Invitation\u00a0\u00e0 la World Toilet Day 2022<\/a><\/div><\/div><div class=\"va-mailchimp-item\"><div class=\"va-mailchimp-date\">27.07.2022<\/div><div class=\"va-mailchimp-title\"><a href=\"https:\/\/mailchi.mp\/683d95c0622a\/hot-news-chez-valoo\" target=\"_blank\" rel=\"noopener\">Hot news chez VaLoo<\/a><\/div><\/div><div class=\"va-mailchimp-item\"><div class=\"va-mailchimp-date\">27.07.2022<\/div><div class=\"va-mailchimp-title\"><a href=\"https:\/\/mailchi.mp\/6c7ce361e922\/heisse-news-von-valoo\" target=\"_blank\" rel=\"noopener\">Heisse News von VaLoo<\/a><\/div><\/div><div class=\"va-mailchimp-item\"><div class=\"va-mailchimp-date\">22.06.2022<\/div><div class=\"va-mailchimp-title\"><a href=\"https:\/\/mailchi.mp\/acbbbe92606f\/wg-advocacy-invites-to-open-forum\" target=\"_blank\" rel=\"noopener\">WG Advocacy invites to open forum<\/a><\/div><\/div><div class=\"va-mailchimp-item\"><div class=\"va-mailchimp-date\">26.05.2022<\/div><div class=\"va-mailchimp-title\"><a href=\"https:\/\/mailchi.mp\/8e5da740ba12\/valoo-est-prt-pour-son-premier-t\" target=\"_blank\" rel=\"noopener\">VaLoo est pr\u00eat pour son premier \u00e9t\u00e9<\/a><\/div><\/div><div class=\"va-mailchimp-item\"><div class=\"va-mailchimp-date\">26.05.2022<\/div><div class=\"va-mailchimp-title\"><a href=\"https:\/\/mailchi.mp\/54dac892ecdc\/valoo-ist-bereit-fr-seinen-ersten-sommer\" target=\"_blank\" rel=\"noopener\">VaLoo ist bereit f\u00fcr seinen ersten Sommer<\/a><\/div><\/div><div class=\"va-mailchimp-item\"><div class=\"va-mailchimp-date\">28.04.2022<\/div><div class=\"va-mailchimp-title\"><a href=\"https:\/\/mailchi.mp\/1aaf08d71c79\/ce-qui-se-prpare-dans-la-communaut-valoo\" target=\"_blank\" rel=\"noopener\">Ce qui se pr\u00e9pare dans la communaut\u00e9 VaLoo<\/a><\/div><\/div><div class=\"va-mailchimp-item\"><div class=\"va-mailchimp-date\">28.04.2022<\/div><div class=\"va-mailchimp-title\"><a href=\"https:\/\/mailchi.mp\/63afc496c643\/das-steht-in-der-valoo-community-an\" target=\"_blank\" rel=\"noopener\">Das steht in der VaLoo-Community an<\/a><\/div><\/div><div class=\"va-mailchimp-item\"><div class=\"va-mailchimp-date\">03.04.2022<\/div><div class=\"va-mailchimp-title\"><a href=\"https:\/\/mailchi.mp\/0a5fe61b8686\/valoo-community-fr\" target=\"_blank\" rel=\"noopener\">Nouvelles de la communaut\u00e9 VaLoo<\/a><\/div><\/div><div class=\"va-mailchimp-item\"><div class=\"va-mailchimp-date\">03.04.2022<\/div><div class=\"va-mailchimp-title\"><a href=\"https:\/\/mailchi.mp\/7fbc71258833\/valoo-fait-ses-premiers-pas-15882411\" target=\"_blank\" rel=\"noopener\">VaLoo fait ses premiers pas<\/a><\/div><\/div><div class=\"va-mailchimp-item\"><div class=\"va-mailchimp-date\">04.04.2022<\/div><div class=\"va-mailchimp-title\"><a href=\"https:\/\/mailchi.mp\/81b5c43eb849\/valoo-macht-seine-ersten-schritte-15880915\" target=\"_blank\" rel=\"noopener\">VaLoo macht seine ersten Schritte<\/a><\/div><\/div><div class=\"va-mailchimp-item\"><div class=\"va-mailchimp-date\">04.04.2022<\/div><div class=\"va-mailchimp-title\"><a href=\"https:\/\/mailchi.mp\/5eb88a7a93c1\/news-von-der-valoo-community-15880903\" target=\"_blank\" rel=\"noopener\">News von der VaLoo-Community<\/a><\/div><\/div><\/div>\n\n\n\n<p><\/p>","protected":false},"excerpt":{"rendered":"","protected":false},"author":113,"featured_media":0,"parent":0,"menu_order":0,"comment_status":"closed","ping_status":"closed","template":"","meta":{"footnotes":""},"class_list":["post-14001","page","type-page","status-publish","hentry"],"meta_box":{"flushlight_header":[],"podcasts_header":[],"audio_de":[],"audio_fr":[],"buche_uns":""},"_links":{"self":[{"href":"https:\/\/va-loo.ch\/en\/wp-json\/wp\/v2\/pages\/14001","targetHints":{"allow":["GET"]}}],"collection":[{"href":"https:\/\/va-loo.ch\/en\/wp-json\/wp\/v2\/pages"}],"about":[{"href":"https:\/\/va-loo.ch\/en\/wp-json\/wp\/v2\/types\/page"}],"author":[{"embeddable":true,"href":"https:\/\/va-loo.ch\/en\/wp-json\/wp\/v2\/users\/113"}],"replies":[{"embeddable":true,"href":"https:\/\/va-loo.ch\/en\/wp-json\/wp\/v2\/comments?post=14001"}],"version-history":[{"count":1,"href":"https:\/\/va-loo.ch\/en\/wp-json\/wp\/v2\/pages\/14001\/revisions"}],"predecessor-version":[{"id":14002,"href":"https:\/\/va-loo.ch\/en\/wp-json\/wp\/v2\/pages\/14001\/revisions\/14002"}],"wp:attachment":[{"href":"https:\/\/va-loo.ch\/en\/wp-json\/wp\/v2\/media?parent=14001"}],"curies":[{"name":"wp","href":"https:\/\/api.w.org\/{rel}","templated":true}]}}