{"id":4808,"date":"2023-02-12T13:08:09","date_gmt":"2023-02-12T13:08:09","guid":{"rendered":"https:\/\/622a4ayjot.preview.infomaniak.website\/?page_id=4808"},"modified":"2026-01-19T14:51:22","modified_gmt":"2026-01-19T12:51:22","slug":"about-us","status":"publish","type":"page","link":"https:\/\/va-loo.ch\/en\/about-us\/","title":{"rendered":"Vision &amp; Mission"},"content":{"rendered":"<div class=\"wp-block-columns is-layout-flex wp-container-core-columns-is-layout-28f84493 wp-block-columns-is-layout-flex\">\n<div class=\"wp-block-column is-layout-flow wp-block-column-is-layout-flow\">\n<div class=\"wp-block-group is-layout-constrained wp-block-group-is-layout-constrained\">\n<h2 class=\"wp-block-heading\">Vision<\/h2>\n\n\n\n<p>Resource-oriented sanitation systems are established in Switzerland and are an integral part of a functioning circular economy.<\/p>\n\n\n\n<h2 class=\"wp-block-heading\">Mission<\/h2>\n\n\n\n<p>We promote the adoption of these systems by connecting stakeholders, sharing knowledge, and helping to establish appropriate framework conditions.<\/p>\n\n\n\n<h5 class=\"wp-block-heading\">To realize our mission, we:<\/h5>\n\n\n\n<ul class=\"wp-block-list\">\n<li>Are a community where experts exchange knowledge, develop new ideas, and promote solutions for circular sanitation together.<\/li>\n\n\n\n<li>Are a knowledge hub that compiles technologies, services, and best practices, making them accessible through workshops, exchange formats, and awareness-raising measures.<\/li>\n\n\n\n<li>Are a voice to the outside world, bringing practical experience to political and institutional discussions and advocating for supportive framework conditions.<\/li>\n<\/ul>\n<\/div>\n<\/div>\n\n\n\n<div class=\"wp-block-column is-layout-flow wp-block-column-is-layout-flow\">\n<div class=\"wp-block-group is-layout-constrained wp-block-group-is-layout-constrained\">\n<figure class=\"wp-block-image size-large\"><img loading=\"lazy\" decoding=\"async\" width=\"1500\" height=\"940\" src=\"https:\/\/va-loo.ch\/wp-content\/uploads\/2023\/05\/valoo-mitgileder-1500x940.jpg\" alt=\"\" class=\"wp-image-11956\" srcset=\"https:\/\/va-loo.ch\/wp-content\/uploads\/2023\/05\/valoo-mitgileder-1500x940.jpg 1500w, https:\/\/va-loo.ch\/wp-content\/uploads\/2023\/05\/valoo-mitgileder-600x376.jpg 600w, https:\/\/va-loo.ch\/wp-content\/uploads\/2023\/05\/valoo-mitgileder-768x481.jpg 768w, https:\/\/va-loo.ch\/wp-content\/uploads\/2023\/05\/valoo-mitgileder-1536x962.jpg 1536w, https:\/\/va-loo.ch\/wp-content\/uploads\/2023\/05\/valoo-mitgileder-18x12.jpg 18w, https:\/\/va-loo.ch\/wp-content\/uploads\/2023\/05\/valoo-mitgileder.jpg 1700w\" sizes=\"auto, (max-width: 1500px) 100vw, 1500px\" \/><\/figure>\n\n\n\n<h2 class=\"wp-block-heading\">Values<\/h2>\n\n\n\n<h5 class=\"wp-block-heading\">Community<\/h5>\n\n\n\n<p>We promote diversity, cooperation, and mutual respect to develop solutions to regional and global challenges.<\/p>\n\n\n\n<h5 class=\"wp-block-heading\">Integrity<\/h5>\n\n\n\n<p>We transparently communicate about the opportunities and limitations of new technologies to strengthen confidence in resource-efficient sanitation systems.<\/p>\n\n\n\n<h5 class=\"wp-block-heading\">Sufficiency<\/h5>\n\n\n\n<p>We are committed to regional value creation and the efficient use of resources to reduce waste, emissions, and energy losses.<\/p>\n\n\n\n<h5 class=\"wp-block-heading\">Ecology<\/h5>\n\n\n\n<p>We respect planetary boundaries and act to protect, restore, and sustainably use natural resources.<\/p>\n\n\n\n<p><\/p>\n<\/div>\n<\/div>\n<\/div>","protected":false},"excerpt":{"rendered":"<p>Vision Ressourcenorientierte Sanit\u00e4rsysteme sind in der Schweiz etabliert und ein selbstverst\u00e4ndlicher Bestandteil einer funktionierenden Kreislaufwirtschaft. Mission Wir f\u00f6rdern die Verbreitung dieser Systeme, indem wir Akteur:innen vernetzen, Wissen vermitteln und geeignete Rahmenbedingungen mitgestalten. Um unsere Mission zu verwirklichen, sind wir: Werte Gemeinschaft Wir f\u00f6rdern Vielfalt, Zusammenarbeit und gegenseitigen Respekt, um L\u00f6sungen f\u00fcr regionale und globale Herausforderungen [&hellip;]<\/p>","protected":false},"author":3,"featured_media":0,"parent":0,"menu_order":0,"comment_status":"closed","ping_status":"closed","template":"","meta":{"footnotes":""},"class_list":["post-4808","page","type-page","status-publish","hentry"],"meta_box":{"flushlight_header":[],"podcasts_header":[],"audio_de":[],"audio_fr":[],"buche_uns":""},"_links":{"self":[{"href":"https:\/\/va-loo.ch\/en\/wp-json\/wp\/v2\/pages\/4808","targetHints":{"allow":["GET"]}}],"collection":[{"href":"https:\/\/va-loo.ch\/en\/wp-json\/wp\/v2\/pages"}],"about":[{"href":"https:\/\/va-loo.ch\/en\/wp-json\/wp\/v2\/types\/page"}],"author":[{"embeddable":true,"href":"https:\/\/va-loo.ch\/en\/wp-json\/wp\/v2\/users\/3"}],"replies":[{"embeddable":true,"href":"https:\/\/va-loo.ch\/en\/wp-json\/wp\/v2\/comments?post=4808"}],"version-history":[{"count":1,"href":"https:\/\/va-loo.ch\/en\/wp-json\/wp\/v2\/pages\/4808\/revisions"}],"predecessor-version":[{"id":13881,"href":"https:\/\/va-loo.ch\/en\/wp-json\/wp\/v2\/pages\/4808\/revisions\/13881"}],"wp:attachment":[{"href":"https:\/\/va-loo.ch\/en\/wp-json\/wp\/v2\/media?parent=4808"}],"curies":[{"name":"wp","href":"https:\/\/api.w.org\/{rel}","templated":true}]}}