{"id":77,"date":"2022-12-22T11:13:14","date_gmt":"2022-12-22T11:13:14","guid":{"rendered":"https:\/\/622a4ayjot.preview.infomaniak.website\/?page_id=77"},"modified":"2026-02-02T14:22:06","modified_gmt":"2026-02-02T12:22:06","slug":"discover","status":"publish","type":"page","link":"https:\/\/va-loo.ch\/en\/discover\/","title":{"rendered":"The VaLoo Collective"},"content":{"rendered":"<h2 class=\"wp-block-heading\">International Cooperation<\/h2>\n\n\n\n<p>Circular sanitation is an important issue not only for Switzerland's future. It also plays a central role internationally in conserving water resources and operating within planetary boundaries.<\/p>\n\n\n\n<p class=\"translation-block\">VaLoo collaborates closely with<br>\u2013 <strong><a href=\"https:\/\/www.netsan.org\/\" data-type=\"link\" data-id=\"https:\/\/www.netsan.org\/\" target=\"_blank\" rel=\"noreferrer noopener\">NetSan<\/a> (Germany)<\/strong> and<br>\u2013 <strong><a href=\"https:\/\/reseau-assainissement-ecologique.org\/\" data-type=\"link\" data-id=\"https:\/\/reseau-assainissement-ecologique.org\/\" target=\"_blank\" rel=\"noreferrer noopener\">RAE<\/a> (France)<\/strong> to this end.<br><\/p>\n\n\n\n<p>Together, we promote knowledge transfer, develop best practices, and raise the profile of circular sanitation systems in Europe.<\/p>\n\n\n\n<p>Auf der Karte sehen Sie aktuellen Projekte und Kooperationen. Eine \u00dcbersicht unserer Mitglieder und Partner ver\u00f6ffentlichen wir regelm\u00e4ssig in unserem <a href=\"\/en\/subscribe-to-our-newsletter\/\">Newsletter<\/a>.<\/p>\n\n\n\n<div style=\"height:80px\" aria-hidden=\"true\" class=\"wp-block-spacer\"><\/div>","protected":false},"excerpt":{"rendered":"<p>With over 100 members and around 20 partners, the VaLoo Collective works to close water and nutrient cycles in line with the circular economy. Participants bring their expertise and commitment from a variety of fields, creating an impact that extends far beyond their own circles.<\/p>","protected":false},"author":3,"featured_media":0,"parent":0,"menu_order":0,"comment_status":"closed","ping_status":"closed","template":"","meta":{"footnotes":""},"class_list":["post-77","page","type-page","status-publish","hentry"],"meta_box":{"flushlight_header":[],"podcasts_header":[],"audio_de":[],"audio_fr":[],"buche_uns":""},"_links":{"self":[{"href":"https:\/\/va-loo.ch\/en\/wp-json\/wp\/v2\/pages\/77","targetHints":{"allow":["GET"]}}],"collection":[{"href":"https:\/\/va-loo.ch\/en\/wp-json\/wp\/v2\/pages"}],"about":[{"href":"https:\/\/va-loo.ch\/en\/wp-json\/wp\/v2\/types\/page"}],"author":[{"embeddable":true,"href":"https:\/\/va-loo.ch\/en\/wp-json\/wp\/v2\/users\/3"}],"replies":[{"embeddable":true,"href":"https:\/\/va-loo.ch\/en\/wp-json\/wp\/v2\/comments?post=77"}],"version-history":[{"count":2,"href":"https:\/\/va-loo.ch\/en\/wp-json\/wp\/v2\/pages\/77\/revisions"}],"predecessor-version":[{"id":14049,"href":"https:\/\/va-loo.ch\/en\/wp-json\/wp\/v2\/pages\/77\/revisions\/14049"}],"wp:attachment":[{"href":"https:\/\/va-loo.ch\/en\/wp-json\/wp\/v2\/media?parent=77"}],"curies":[{"name":"wp","href":"https:\/\/api.w.org\/{rel}","templated":true}]}}