{"id":79,"date":"2022-12-22T11:13:32","date_gmt":"2022-12-22T11:13:32","guid":{"rendered":"https:\/\/622a4ayjot.preview.infomaniak.website\/?page_id=79"},"modified":"2026-04-15T23:44:34","modified_gmt":"2026-04-15T21:44:34","slug":"participate","status":"publish","type":"page","link":"https:\/\/va-loo.ch\/en\/participate\/","title":{"rendered":"Get Involved"},"content":{"rendered":"<div class=\"wp-block-columns is-layout-flex wp-container-core-columns-is-layout-28f84493 wp-block-columns-is-layout-flex\">\n<div class=\"wp-block-column is-layout-flow wp-block-column-is-layout-flow\">\n<div class=\"wp-block-group is-layout-constrained wp-block-group-is-layout-constrained\">\n<p>To make circular sanitation a reality in Switzerland, we need the commitment of pioneers from various sectors, including farmers, researchers, companies, and associations.<\/p>\n\n\n\n<p>Together, we are dedicated to closing water and nutrient cycles, conserving resources, and encouraging the production of sustainable fertilizers.<\/p>\n<\/div>\n\n\n\n<div class=\"wp-block-group is-layout-constrained wp-block-group-is-layout-constrained\">\n<h5 class=\"wp-block-heading\">How to Get Involved<\/h5>\n\n\n\n<p>Sie k\u00f6nnen sich kostenfrei f\u00fcr den VaLoo-Newsletter (<a href=\"https:\/\/va-loo.ch\/en\/subscribe-to-our-newsletter\/\" data-type=\"link\" data-id=\"https:\/\/va-loo.ch\/subscribe-to-our-newsletter\/\">Link<\/a>) anmelden oder uns auf LinkedIn (<a href=\"https:\/\/ch.linkedin.com\/company\/va-loo\" data-type=\"link\" data-id=\"https:\/\/ch.linkedin.com\/company\/va-loo\" target=\"_blank\" rel=\"noreferrer noopener\">Link<\/a>) folgen. So erhalten Sie regelm\u00e4ssig Neuigkeiten, Fachbeitr\u00e4ge und Veranstaltungshinweise. So tragen wir unser Ziel in die breite \u00d6ffentlichkeit.<\/p>\n<\/div>\n\n\n\n<div class=\"wp-block-group is-layout-constrained wp-block-group-is-layout-constrained\"><div class=\"va-btn_wrapper\"><a target=\"_blank\" href=\"\/en\/participate-form-membership\/\" class=\"va-btn\">Become a Member<\/a><\/div>\n\n\n<p>Membership is open to individuals, NGOs, and research institutes.<\/p>\n\n\n\n<p>Members contribute their expertise to working groups, participate in events at reduced rates, and vote at general assembly. Official admission takes place at the next general assembly.<\/p>\n<\/div>\n\n\n\n<div class=\"wp-block-group is-layout-constrained wp-block-group-is-layout-constrained\"><div class=\"va-btn_wrapper\"><a target=\"_blank\" href=\"\/en\/participate-form-membership\/\" class=\"va-btn\">Become a Partner<\/a><\/div>\n\n\n<p>Companies and organizations with a commercial purpose can support our work through private or public funding. Although partners do not have voting rights, they benefit from the exchange of ideas and joint work on innovative solutions.<\/p>\n<\/div>\n\n\n\n<div class=\"wp-block-group is-layout-constrained wp-block-group-is-layout-constrained\">\n<h5 class=\"wp-block-heading\">Contact<\/h5>\n\n\n\n<p>Contact us if you have any questions or are interested in membership or partnership. We look forward to hearing from you!<\/p>\n<\/div>\n<\/div>\n\n\n\n<div class=\"wp-block-column is-layout-flow wp-block-column-is-layout-flow\"><div class=\"va-btn_wrapper\"><a target=\"_blank\" href=\"\/wp-content\/uploads\/2024\/08\/VaLoo-Statutes-Accepted_EN_240226.pdf\" class=\"va-btn\">Read statutes<\/a><\/div>\n\n\n<h5 class=\"wp-block-heading\">VaLoo Membership &amp; Partnership \nTypes &amp; fees<\/h5>\n\n\n\n<figure class=\"wp-block-table\"><table class=\"has-fixed-layout\"><tbody><tr><td class=\"has-text-align-right\" data-align=\"right\"><strong><mark style=\"background-color:rgba(0, 0, 0, 0)\" class=\"has-inline-color has-primary-color\"><strong>Membership<\/strong><\/mark><\/strong><\/td><td><strong><strong>Annual fee in CHF (2025)<\/strong><\/strong><\/td><\/tr><tr><td class=\"has-text-align-right\" data-align=\"right\">Individual<\/td><td>100.- \/ AHV &amp; student: 40.-<\/td><\/tr><tr><td class=\"has-text-align-right\" data-align=\"right\">Associations and foundations (non-profit)<\/td><td>250.\u2013<\/td><\/tr><tr><td class=\"has-text-align-right\" data-align=\"right\">Universities and research institutes<\/td><td>600.\u2013<\/td><\/tr><\/tbody><\/table><\/figure>\n\n\n\n<figure class=\"wp-block-table\"><table class=\"has-fixed-layout\"><tbody><tr><td class=\"has-text-align-right\" data-align=\"right\"><strong><mark style=\"background-color:rgba(0, 0, 0, 0)\" class=\"has-inline-color has-primary-color\"><strong>Partnership<\/strong><\/mark><\/strong><\/td><td><strong><strong>Annual contribution in CHF (2025)<\/strong><\/strong><\/td><\/tr><tr><td class=\"has-text-align-right\" data-align=\"right\">Companies &amp; For-profit organizations<\/td><td>Based on number of employees:<\/td><\/tr><tr><td class=\"has-text-align-right\" data-align=\"right\">&lt; 5<br>5 &lt; 20<br>20 &lt; 50<br>&gt; 50<\/td><td>250.\u2013<br>500.\u2013<br>1200.\u2013<br>2000.\u2013<\/td><\/tr><\/tbody><\/table><\/figure>\n<\/div>\n<\/div>","protected":false},"excerpt":{"rendered":"<p>Damit eine kreislauforientierte Sanit\u00e4rversorgung in der Schweiz Realit\u00e4t wird, sind engagierte Pionier:innen gefragt: Landwirt:innen, Forscher:innen, Unternehmen, Verb\u00e4nde und viele weitere Akteur:innen. Gemeinsam setzen wir uns daf\u00fcr ein, Wasser- und N\u00e4hrstoffkreisl\u00e4ufe zu schliessen, Ressourcen zu schonen und eine nachhaltige D\u00fcngemittelproduktion voranzutreiben. Mitwirken Sie k\u00f6nnen sich kostenfrei f\u00fcr den VaLoo-Newsletter (Link) anmelden oder uns auf LinkedIn (Link) [&hellip;]<\/p>","protected":false},"author":3,"featured_media":0,"parent":0,"menu_order":0,"comment_status":"closed","ping_status":"closed","template":"","meta":{"footnotes":""},"class_list":["post-79","page","type-page","status-publish","hentry"],"meta_box":{"flushlight_header":[],"podcasts_header":[],"audio_de":[],"audio_fr":[],"buche_uns":""},"_links":{"self":[{"href":"https:\/\/va-loo.ch\/en\/wp-json\/wp\/v2\/pages\/79","targetHints":{"allow":["GET"]}}],"collection":[{"href":"https:\/\/va-loo.ch\/en\/wp-json\/wp\/v2\/pages"}],"about":[{"href":"https:\/\/va-loo.ch\/en\/wp-json\/wp\/v2\/types\/page"}],"author":[{"embeddable":true,"href":"https:\/\/va-loo.ch\/en\/wp-json\/wp\/v2\/users\/3"}],"replies":[{"embeddable":true,"href":"https:\/\/va-loo.ch\/en\/wp-json\/wp\/v2\/comments?post=79"}],"version-history":[{"count":2,"href":"https:\/\/va-loo.ch\/en\/wp-json\/wp\/v2\/pages\/79\/revisions"}],"predecessor-version":[{"id":14099,"href":"https:\/\/va-loo.ch\/en\/wp-json\/wp\/v2\/pages\/79\/revisions\/14099"}],"wp:attachment":[{"href":"https:\/\/va-loo.ch\/en\/wp-json\/wp\/v2\/media?parent=79"}],"curies":[{"name":"wp","href":"https:\/\/api.w.org\/{rel}","templated":true}]}}