{"id":13869,"date":"2025-12-25T22:10:19","date_gmt":"2025-12-25T20:10:19","guid":{"rendered":"https:\/\/test.varbane.com\/?page_id=13869"},"modified":"2026-01-19T00:09:55","modified_gmt":"2026-01-18T22:09:55","slug":"circular-sanitation","status":"publish","type":"page","link":"https:\/\/va-loo.ch\/fr\/circular-sanitation\/","title":{"rendered":"Syst\u00e8mes D'assainissement"},"content":{"rendered":"<p>Dans ces syst\u00e8mes, les excr\u00e9ments humains et les eaux us\u00e9es ne sont pas consid\u00e9r\u00e9s comme des d\u00e9chets, mais comme des mati\u00e8res premi\u00e8res pr\u00e9cieuses. L'objectif est de r\u00e9cup\u00e9rer l'eau, l'\u00e9nergie et les nutriments, tout en pr\u00e9servant l'environnement et la sant\u00e9 publique.<\/p>\n\n\n\n<p>Ces syst\u00e8mes relient les domaines de l'habitat, de la production alimentaire et de la consommation en un cycle ferm\u00e9.<\/p>\n\n\n\n<p>Gr\u00e2ce \u00e0 une collecte s\u00e9par\u00e9e, \u00e0 un traitement innovant et \u00e0 un recyclage cibl\u00e9, les nutriments, les substances organiques et l'eau peuvent \u00eatre r\u00e9utilis\u00e9s. Nous r\u00e9duisons ainsi la consommation d'eau potable et d'\u00e9nergie et cr\u00e9ons les bases d'un approvisionnement sanitaire circulaire et r\u00e9silient.<\/p>\n\n\n\n<p><\/p>","protected":false},"excerpt":{"rendered":"<p>Bei ressourcenorientierten Sanit\u00e4rsystemen werden menschliche Ausscheidungen und Abwasser nicht als Abfall, sondern als wertvolle Rohstoffe betrachtet. Das Ziel besteht darin, Wasser, Energie und N\u00e4hrstoffe zur\u00fcckzugewinnen und dabei die Umwelt sowie die \u00f6ffentliche Gesundheit zu sch\u00fctzen. Sie verkn\u00fcpfen die Bereiche Wohnen, Arbeiten, Lebensmittelproduktion und -Konsum in einem geschlossenen Kreislauf. Indem wir Abwasserstr\u00f6me getrennt erfassen, innovativ behandeln, [&hellip;]<\/p>","protected":false},"author":113,"featured_media":0,"parent":0,"menu_order":0,"comment_status":"closed","ping_status":"closed","template":"","meta":{"footnotes":""},"class_list":["post-13869","page","type-page","status-publish","hentry"],"meta_box":{"flushlight_header":[],"podcasts_header":[],"audio_de":[],"audio_fr":[],"buche_uns":""},"_links":{"self":[{"href":"https:\/\/va-loo.ch\/fr\/wp-json\/wp\/v2\/pages\/13869","targetHints":{"allow":["GET"]}}],"collection":[{"href":"https:\/\/va-loo.ch\/fr\/wp-json\/wp\/v2\/pages"}],"about":[{"href":"https:\/\/va-loo.ch\/fr\/wp-json\/wp\/v2\/types\/page"}],"author":[{"embeddable":true,"href":"https:\/\/va-loo.ch\/fr\/wp-json\/wp\/v2\/users\/113"}],"replies":[{"embeddable":true,"href":"https:\/\/va-loo.ch\/fr\/wp-json\/wp\/v2\/comments?post=13869"}],"version-history":[{"count":1,"href":"https:\/\/va-loo.ch\/fr\/wp-json\/wp\/v2\/pages\/13869\/revisions"}],"predecessor-version":[{"id":13870,"href":"https:\/\/va-loo.ch\/fr\/wp-json\/wp\/v2\/pages\/13869\/revisions\/13870"}],"wp:attachment":[{"href":"https:\/\/va-loo.ch\/fr\/wp-json\/wp\/v2\/media?parent=13869"}],"curies":[{"name":"wp","href":"https:\/\/api.w.org\/{rel}","templated":true}]}}