{"id":13897,"date":"2025-12-26T14:54:31","date_gmt":"2025-12-26T12:54:31","guid":{"rendered":"https:\/\/test.varbane.com\/?page_id=13897"},"modified":"2026-02-02T14:05:18","modified_gmt":"2026-02-02T12:05:18","slug":"working-groups","status":"publish","type":"page","link":"https:\/\/va-loo.ch\/fr\/working-groups\/","title":{"rendered":"Groupes de travail"},"content":{"rendered":"<div class=\"wp-block-columns is-layout-flex wp-container-core-columns-is-layout-28f84493 wp-block-columns-is-layout-flex\">\n<div class=\"wp-block-column is-layout-flow wp-block-column-is-layout-flow\">\n<figure class=\"wp-block-image size-large\"><img loading=\"lazy\" decoding=\"async\" width=\"1024\" height=\"683\" src=\"https:\/\/va-loo.ch\/wp-content\/uploads\/2023\/03\/valoo-working-groups-1024x683.webp\" alt=\"VaLoo Working Group\" class=\"wp-image-8932\" srcset=\"https:\/\/va-loo.ch\/wp-content\/uploads\/2023\/03\/valoo-working-groups-1024x683.webp 1024w, https:\/\/va-loo.ch\/wp-content\/uploads\/2023\/03\/valoo-working-groups-300x200.webp 300w, https:\/\/va-loo.ch\/wp-content\/uploads\/2023\/03\/valoo-working-groups-768x512.webp 768w, https:\/\/va-loo.ch\/wp-content\/uploads\/2023\/03\/valoo-working-groups-18x12.webp 18w, https:\/\/va-loo.ch\/wp-content\/uploads\/2023\/03\/valoo-working-groups.webp 1500w\" sizes=\"auto, (max-width: 1024px) 100vw, 1024px\" \/><\/figure>\n<\/div>\n\n\n\n<div class=\"wp-block-column is-vertically-aligned-center is-layout-flow wp-block-column-is-layout-flow\">\n<p>La co-cr\u00e9ation est un aspect central de VaLoo. C'est la raison pour laquelle nous encourageons le d\u00e9veloppement de l'assainissement circulaire au sein de groupes de travail. Nous invitons cordialement les membres et les partenaires \u00e0 apporter leur expertise, \u00e0 d\u00e9velopper des id\u00e9es et \u00e0 contribuer \u00e0 la conception de solutions concr\u00e8tes.<\/p>\n\n\n\n<p>Bei Fragen wenden Sie sich bitte an <a href=\"mailto:info@va-loo.ch\" target=\"_blank\" rel=\"noreferrer noopener\">info@va-loo.ch<\/a><\/p>\n\n\n\n<p>Les groupes de travail suivants existent actuellement :<\/p>\n<\/div>\n<\/div>\n\n\n\n<div class=\"wp-block-columns is-layout-flex wp-container-core-columns-is-layout-28f84493 wp-block-columns-is-layout-flex\">\n<div class=\"wp-block-column is-layout-flow wp-block-column-is-layout-flow\">\n<h3 class=\"wp-block-heading\" id=\"brxe-hdslwv\">Gestion des connaissances<\/h3>\n\n\n\n<p id=\"brxe-cxoqec\">Au sein de ce groupe, les membres et partenaires collectent, cr\u00e9ent et organisent les connaissances sur le th\u00e8me de l'assainissement circulaire dans le contexte suisse ; cela comprend des infographies, des articles sp\u00e9cialis\u00e9s et d'autres supports d'information.<br>Coordination: Dorothee Spuhler<\/p>\n\n\n\n<h3 class=\"wp-block-heading\" id=\"brxe-krinym\">Coop\u00e9ration internationale<\/h3>\n\n\n\n<p id=\"brxe-rjiknl\">L'assainissement circulaire a un potentiel mondial. Ce groupe encourage les \u00e9changes avec des partenaires internationaux, comme NetSan (Allemagne) et RAE (France), renforce les synergies et apporte une dimension mondiale \u00e0 la pratique suisse.<br>Coordination : Michel Riechmann, Ivo Guilherme<\/p>\n<\/div>\n\n\n\n<div class=\"wp-block-column is-layout-flow wp-block-column-is-layout-flow\">\n<h3 class=\"wp-block-heading\" id=\"brxe-wkhcfy\">Plaidoyer<\/h3>\n\n\n\n<p id=\"brxe-sdpwuk\">Le groupe rassemble les exp\u00e9riences issues de projets afin de les int\u00e9grer aux discussions politiques et r\u00e9glementaires. L'objectif est de cr\u00e9er des conditions-cadres favorables et de supprimer les obstacles existants aux solutions sanitaires ax\u00e9es sur les ressources.<br>Coordination: Louise Carpentier, Philippe Reymond et Philipp Markus<\/p>\n<\/div>\n<\/div>","protected":false},"excerpt":{"rendered":"<p>Co-Creation ist ein zentraler Aspekt von VaLoo. Deshalb treiben wir die Skalierung zirkul\u00e4rer Sanit\u00e4rsysteme gemeinsam in Arbeitsgruppen voran. Alle Mitglieder und Partner sind herzlich eingeladen, ihre Expertise einzubringen, Ideen zu entwickeln und konkrete L\u00f6sungen mitzugestalten. Bei Fragen wenden Sie sich bitte an info@va-loo.ch Aktuell bestehen folgende Arbeitsgruppen: Wissen &amp; Sensibilisierung In dieser Gruppe sammeln, erstellen [&hellip;]<\/p>","protected":false},"author":113,"featured_media":0,"parent":0,"menu_order":0,"comment_status":"closed","ping_status":"closed","template":"","meta":{"footnotes":""},"class_list":["post-13897","page","type-page","status-publish","hentry"],"meta_box":{"flushlight_header":[],"podcasts_header":[],"audio_de":[],"audio_fr":[],"buche_uns":""},"_links":{"self":[{"href":"https:\/\/va-loo.ch\/fr\/wp-json\/wp\/v2\/pages\/13897","targetHints":{"allow":["GET"]}}],"collection":[{"href":"https:\/\/va-loo.ch\/fr\/wp-json\/wp\/v2\/pages"}],"about":[{"href":"https:\/\/va-loo.ch\/fr\/wp-json\/wp\/v2\/types\/page"}],"author":[{"embeddable":true,"href":"https:\/\/va-loo.ch\/fr\/wp-json\/wp\/v2\/users\/113"}],"replies":[{"embeddable":true,"href":"https:\/\/va-loo.ch\/fr\/wp-json\/wp\/v2\/comments?post=13897"}],"version-history":[{"count":1,"href":"https:\/\/va-loo.ch\/fr\/wp-json\/wp\/v2\/pages\/13897\/revisions"}],"predecessor-version":[{"id":13898,"href":"https:\/\/va-loo.ch\/fr\/wp-json\/wp\/v2\/pages\/13897\/revisions\/13898"}],"wp:attachment":[{"href":"https:\/\/va-loo.ch\/fr\/wp-json\/wp\/v2\/media?parent=13897"}],"curies":[{"name":"wp","href":"https:\/\/api.w.org\/{rel}","templated":true}]}}