{"id":13900,"date":"2025-12-26T15:43:14","date_gmt":"2025-12-26T13:43:14","guid":{"rendered":"https:\/\/test.varbane.com\/?page_id=13900"},"modified":"2026-02-02T13:59:41","modified_gmt":"2026-02-02T11:59:41","slug":"team","status":"publish","type":"page","link":"https:\/\/va-loo.ch\/fr\/team\/","title":{"rendered":"\u00c9quipe"},"content":{"rendered":"<p>Notre \u00e9quipe r\u00e9unit des experts en recherche, en pratique, en politiques publiques et en communication. Ensemble, nous \u0153uvrons au d\u00e9veloppement de syst\u00e8mes d'assainissement \u00e9conomes en ressources en Suisse. Pour toute question, n'h\u00e9sitez pas \u00e0 nous contacter <a href=\"mailto:info@va-loo.ch\" target=\"_blank\" rel=\"noreferrer noopener\">info@va-loo.ch<\/a><\/p>","protected":false},"excerpt":{"rendered":"<p>Unser Team vereint Expertise aus den Bereichen Forschung, Praxis, Politik und Kommunikation. Gemeinsam arbeiten wir daran, ressourcenorientierte Sanit\u00e4rsysteme in der Schweiz voranzubringen. Bei Fragen wenden Sie sich bitte an info@va-loo.ch<\/p>","protected":false},"author":113,"featured_media":0,"parent":0,"menu_order":0,"comment_status":"closed","ping_status":"closed","template":"","meta":{"footnotes":""},"class_list":["post-13900","page","type-page","status-publish","hentry"],"meta_box":{"flushlight_header":[],"podcasts_header":[],"audio_de":[],"audio_fr":[],"buche_uns":""},"_links":{"self":[{"href":"https:\/\/va-loo.ch\/fr\/wp-json\/wp\/v2\/pages\/13900","targetHints":{"allow":["GET"]}}],"collection":[{"href":"https:\/\/va-loo.ch\/fr\/wp-json\/wp\/v2\/pages"}],"about":[{"href":"https:\/\/va-loo.ch\/fr\/wp-json\/wp\/v2\/types\/page"}],"author":[{"embeddable":true,"href":"https:\/\/va-loo.ch\/fr\/wp-json\/wp\/v2\/users\/113"}],"replies":[{"embeddable":true,"href":"https:\/\/va-loo.ch\/fr\/wp-json\/wp\/v2\/comments?post=13900"}],"version-history":[{"count":2,"href":"https:\/\/va-loo.ch\/fr\/wp-json\/wp\/v2\/pages\/13900\/revisions"}],"predecessor-version":[{"id":14048,"href":"https:\/\/va-loo.ch\/fr\/wp-json\/wp\/v2\/pages\/13900\/revisions\/14048"}],"wp:attachment":[{"href":"https:\/\/va-loo.ch\/fr\/wp-json\/wp\/v2\/media?parent=13900"}],"curies":[{"name":"wp","href":"https:\/\/api.w.org\/{rel}","templated":true}]}}