{"id":13964,"date":"2025-12-27T22:48:04","date_gmt":"2025-12-27T20:48:04","guid":{"rendered":"https:\/\/test.varbane.com\/?page_id=13964"},"modified":"2026-01-19T15:00:11","modified_gmt":"2026-01-19T13:00:11","slug":"support-us","status":"publish","type":"page","link":"https:\/\/va-loo.ch\/fr\/support-us\/","title":{"rendered":"Soutenez-nous"},"content":{"rendered":"<p><strong><strong>Aidez-nous \u00e0 d\u00e9velopper des solutions durables et \u00e0 promouvoir une \u00e9conomie circulaire durable.<\/strong><\/strong><br><br>Votre contribution permet de r\u00e9aliser des projets significatifs et favorise un changement durable.<\/p>\n\n\n\n<p class=\"has-black-color has-text-color has-link-color wp-elements-a0c1e282305384c5205134ab976942ed\"><small><strong>CH54 0070 0114 9016 8967 8<\/strong><\/small><\/p>","protected":false},"excerpt":{"rendered":"<p>Unterst\u00fctzt uns dabei, nachhaltige L\u00f6sungen zu entwickeln und eine nachhaltige Kreislaufwirtschaft zu f\u00f6rdern. Euer Beitrag erm\u00f6glicht sinnvolle Projekte und f\u00f6rdert langfristige Ver\u00e4nderungen. CH54 0070 0114 9016 8967 8<\/p>","protected":false},"author":113,"featured_media":0,"parent":0,"menu_order":0,"comment_status":"closed","ping_status":"closed","template":"","meta":{"footnotes":""},"class_list":["post-13964","page","type-page","status-publish","hentry"],"meta_box":{"flushlight_header":[],"podcasts_header":[],"audio_de":[],"audio_fr":[],"buche_uns":""},"_links":{"self":[{"href":"https:\/\/va-loo.ch\/fr\/wp-json\/wp\/v2\/pages\/13964","targetHints":{"allow":["GET"]}}],"collection":[{"href":"https:\/\/va-loo.ch\/fr\/wp-json\/wp\/v2\/pages"}],"about":[{"href":"https:\/\/va-loo.ch\/fr\/wp-json\/wp\/v2\/types\/page"}],"author":[{"embeddable":true,"href":"https:\/\/va-loo.ch\/fr\/wp-json\/wp\/v2\/users\/113"}],"replies":[{"embeddable":true,"href":"https:\/\/va-loo.ch\/fr\/wp-json\/wp\/v2\/comments?post=13964"}],"version-history":[{"count":1,"href":"https:\/\/va-loo.ch\/fr\/wp-json\/wp\/v2\/pages\/13964\/revisions"}],"predecessor-version":[{"id":13965,"href":"https:\/\/va-loo.ch\/fr\/wp-json\/wp\/v2\/pages\/13964\/revisions\/13965"}],"wp:attachment":[{"href":"https:\/\/va-loo.ch\/fr\/wp-json\/wp\/v2\/media?parent=13964"}],"curies":[{"name":"wp","href":"https:\/\/api.w.org\/{rel}","templated":true}]}}