{"id":4808,"date":"2023-02-12T13:08:09","date_gmt":"2023-02-12T13:08:09","guid":{"rendered":"https:\/\/622a4ayjot.preview.infomaniak.website\/?page_id=4808"},"modified":"2026-01-19T14:51:22","modified_gmt":"2026-01-19T12:51:22","slug":"about-us","status":"publish","type":"page","link":"https:\/\/va-loo.ch\/fr\/about-us\/","title":{"rendered":"Vision &amp; mission"},"content":{"rendered":"<div class=\"wp-block-columns is-layout-flex wp-container-core-columns-is-layout-28f84493 wp-block-columns-is-layout-flex\">\n<div class=\"wp-block-column is-layout-flow wp-block-column-is-layout-flow\">\n<div class=\"wp-block-group is-layout-constrained wp-block-group-is-layout-constrained\">\n<h2 class=\"wp-block-heading\">Vision<\/h2>\n\n\n\n<p>Les syst\u00e8me d'assainissement circulaire sont solidement implant\u00e9s en Suisse et font naturellement partie d'une \u00e9conomie circulaire fonctionnelle.<\/p>\n\n\n\n<h2 class=\"wp-block-heading\">Mission<\/h2>\n\n\n\n<p>Nous encourageons la diffusion de ces syst\u00e8mes en mettant en r\u00e9seau les acteurs, en transmettant des connaissances, en faisant du plaidoyer au niveau politique et en contribuant \u00e0 la mise en place de conditions-cadres appropri\u00e9es.<\/p>\n\n\n\n<h5 class=\"wp-block-heading\">Pour accomplir cette mission, nous sommes :<\/h5>\n\n\n\n<ul class=\"wp-block-list\">\n<li>Une communaut\u00e9 d'experts qui \u00e9changent leurs connaissances, d\u00e9veloppent de nouvelles id\u00e9es et promeuvent ensemble des solutions pour un assainissement circulaire.<\/li>\n\n\n\n<li>Une plaque tournante du savoir qui traite des technologies, des services et des bonnes pratiques et les rend accessibles par le biais d'ateliers, d'\u00e9changes et de mesures de sensibilisation.<\/li>\n\n\n\n<li>Une voix vers l'ext\u00e9rieur qui apporte des exp\u00e9riences pratiques aux discussions politiques et institutionnelles et s'engage en faveur de conditions-cadres favorables.<\/li>\n<\/ul>\n<\/div>\n<\/div>\n\n\n\n<div class=\"wp-block-column is-layout-flow wp-block-column-is-layout-flow\">\n<div class=\"wp-block-group is-layout-constrained wp-block-group-is-layout-constrained\">\n<figure class=\"wp-block-image size-large\"><img loading=\"lazy\" decoding=\"async\" width=\"1500\" height=\"940\" src=\"https:\/\/va-loo.ch\/wp-content\/uploads\/2023\/05\/valoo-mitgileder-1500x940.jpg\" alt=\"\" class=\"wp-image-11956\" srcset=\"https:\/\/va-loo.ch\/wp-content\/uploads\/2023\/05\/valoo-mitgileder-1500x940.jpg 1500w, https:\/\/va-loo.ch\/wp-content\/uploads\/2023\/05\/valoo-mitgileder-600x376.jpg 600w, https:\/\/va-loo.ch\/wp-content\/uploads\/2023\/05\/valoo-mitgileder-768x481.jpg 768w, https:\/\/va-loo.ch\/wp-content\/uploads\/2023\/05\/valoo-mitgileder-1536x962.jpg 1536w, https:\/\/va-loo.ch\/wp-content\/uploads\/2023\/05\/valoo-mitgileder-18x12.jpg 18w, https:\/\/va-loo.ch\/wp-content\/uploads\/2023\/05\/valoo-mitgileder.jpg 1700w\" sizes=\"auto, (max-width: 1500px) 100vw, 1500px\" \/><\/figure>\n\n\n\n<h2 class=\"wp-block-heading\">Valeurs<\/h2>\n\n\n\n<h5 class=\"wp-block-heading\">Communaut\u00e9<\/h5>\n\n\n\n<p>Nous encourageons la diversit\u00e9, la coop\u00e9ration et le respect mutuel afin de d\u00e9velopper des solutions aux d\u00e9fis r\u00e9gionaux et mondiaux.<\/p>\n\n\n\n<h5 class=\"wp-block-heading\">Int\u00e9grit\u00e9<\/h5>\n\n\n\n<p>Nous communiquons de mani\u00e8re transparente sur les opportunit\u00e9s et les limites des nouvelles technologies, renfor\u00e7ant ainsi la confiance dans les syst\u00e8mes d'assainissement circulaire.<\/p>\n\n\n\n<h5 class=\"wp-block-heading\">Suffisance<\/h5>\n\n\n\n<p>Nous nous engageons en faveur de la cr\u00e9ation de valeur r\u00e9gionale et de l'utilisation efficace des ressources afin de r\u00e9duire les d\u00e9chets, les \u00e9missions et les pertes d'\u00e9nergie.<\/p>\n\n\n\n<h5 class=\"wp-block-heading\">\u00c9cologie<\/h5>\n\n\n\n<p>Nous respectons les limites de la plan\u00e8te et agissons pour la protection, la restauration et l'utilisation durable des ressources naturelles.<\/p>\n\n\n\n<p><\/p>\n<\/div>\n<\/div>\n<\/div>","protected":false},"excerpt":{"rendered":"<p>Vision Ressourcenorientierte Sanit\u00e4rsysteme sind in der Schweiz etabliert und ein selbstverst\u00e4ndlicher Bestandteil einer funktionierenden Kreislaufwirtschaft. Mission Wir f\u00f6rdern die Verbreitung dieser Systeme, indem wir Akteur:innen vernetzen, Wissen vermitteln und geeignete Rahmenbedingungen mitgestalten. Um unsere Mission zu verwirklichen, sind wir: Werte Gemeinschaft Wir f\u00f6rdern Vielfalt, Zusammenarbeit und gegenseitigen Respekt, um L\u00f6sungen f\u00fcr regionale und globale Herausforderungen [&hellip;]<\/p>","protected":false},"author":3,"featured_media":0,"parent":0,"menu_order":0,"comment_status":"closed","ping_status":"closed","template":"","meta":{"footnotes":""},"class_list":["post-4808","page","type-page","status-publish","hentry"],"meta_box":{"flushlight_header":[],"podcasts_header":[],"audio_de":[],"audio_fr":[],"buche_uns":""},"_links":{"self":[{"href":"https:\/\/va-loo.ch\/fr\/wp-json\/wp\/v2\/pages\/4808","targetHints":{"allow":["GET"]}}],"collection":[{"href":"https:\/\/va-loo.ch\/fr\/wp-json\/wp\/v2\/pages"}],"about":[{"href":"https:\/\/va-loo.ch\/fr\/wp-json\/wp\/v2\/types\/page"}],"author":[{"embeddable":true,"href":"https:\/\/va-loo.ch\/fr\/wp-json\/wp\/v2\/users\/3"}],"replies":[{"embeddable":true,"href":"https:\/\/va-loo.ch\/fr\/wp-json\/wp\/v2\/comments?post=4808"}],"version-history":[{"count":1,"href":"https:\/\/va-loo.ch\/fr\/wp-json\/wp\/v2\/pages\/4808\/revisions"}],"predecessor-version":[{"id":13881,"href":"https:\/\/va-loo.ch\/fr\/wp-json\/wp\/v2\/pages\/4808\/revisions\/13881"}],"wp:attachment":[{"href":"https:\/\/va-loo.ch\/fr\/wp-json\/wp\/v2\/media?parent=4808"}],"curies":[{"name":"wp","href":"https:\/\/api.w.org\/{rel}","templated":true}]}}