{"id":77,"date":"2022-12-22T11:13:14","date_gmt":"2022-12-22T11:13:14","guid":{"rendered":"https:\/\/622a4ayjot.preview.infomaniak.website\/?page_id=77"},"modified":"2026-02-02T14:22:06","modified_gmt":"2026-02-02T12:22:06","slug":"discover","status":"publish","type":"page","link":"https:\/\/va-loo.ch\/fr\/discover\/","title":{"rendered":"Le collectif VaLoo"},"content":{"rendered":"<h2 class=\"wp-block-heading\">Coop\u00e9ration internationale<\/h2>\n\n\n\n<p>Les installations sanitaires circulaires ne sont pas seulement un enjeu majeur pour l'avenir de la Suisse. Elles jouent \u00e9galement un r\u00f4le central dans la pr\u00e9servation des ressources en eau et dans le respect des limites de la plan\u00e8te \u00e0 l'\u00e9chelle internationale.<\/p>\n\n\n\n<p class=\"translation-block\">VaLoo travaille en \u00e9troite collaboration avec<br>\u2013 <strong><a href=\"https:\/\/www.netsan.org\/\" data-type=\"link\" data-id=\"https:\/\/www.netsan.org\/\" target=\"_blank\" rel=\"noreferrer noopener\">NetSan<\/a> (Allemagne)<\/strong>et<br>\u2013 <strong><a href=\"https:\/\/reseau-assainissement-ecologique.org\/\" data-type=\"link\" data-id=\"https:\/\/reseau-assainissement-ecologique.org\/\" target=\"_blank\" rel=\"noreferrer noopener\">RAE<\/a> (France)<\/strong>.<br><\/p>\n\n\n\n<p>Ensemble, nous encourageons le transfert de connaissances, d\u00e9veloppons les meilleures pratiques et renfor\u00e7ons la visibilit\u00e9 des syst\u00e8mes sanitaires circulaires en Europe.<\/p>\n\n\n\n<p>Auf der Karte sehen Sie aktuellen Projekte und Kooperationen. Eine \u00dcbersicht unserer Mitglieder und Partner ver\u00f6ffentlichen wir regelm\u00e4ssig in unserem <a href=\"\/fr\/subscribe-to-our-newsletter\/\">Newsletter<\/a>.<\/p>\n\n\n\n<div style=\"height:80px\" aria-hidden=\"true\" class=\"wp-block-spacer\"><\/div>","protected":false},"excerpt":{"rendered":"<p>Avec plus de 100 membres et une vingtaine de partenaires, les membres s'engagent \u00e0 fermer les cycles de l'eau et des nutriments, dans l'esprit de l'\u00e9conomie circulaire. Ses nombreux acteurs mettent en commun leur expertise et leur engagement dans des domaines tr\u00e8s vari\u00e9s, avec un impact qui d\u00e9passe largement leurs propres cercles.<\/p>","protected":false},"author":3,"featured_media":0,"parent":0,"menu_order":0,"comment_status":"closed","ping_status":"closed","template":"","meta":{"footnotes":""},"class_list":["post-77","page","type-page","status-publish","hentry"],"meta_box":{"flushlight_header":[],"podcasts_header":[],"audio_de":[],"audio_fr":[],"buche_uns":""},"_links":{"self":[{"href":"https:\/\/va-loo.ch\/fr\/wp-json\/wp\/v2\/pages\/77","targetHints":{"allow":["GET"]}}],"collection":[{"href":"https:\/\/va-loo.ch\/fr\/wp-json\/wp\/v2\/pages"}],"about":[{"href":"https:\/\/va-loo.ch\/fr\/wp-json\/wp\/v2\/types\/page"}],"author":[{"embeddable":true,"href":"https:\/\/va-loo.ch\/fr\/wp-json\/wp\/v2\/users\/3"}],"replies":[{"embeddable":true,"href":"https:\/\/va-loo.ch\/fr\/wp-json\/wp\/v2\/comments?post=77"}],"version-history":[{"count":2,"href":"https:\/\/va-loo.ch\/fr\/wp-json\/wp\/v2\/pages\/77\/revisions"}],"predecessor-version":[{"id":14049,"href":"https:\/\/va-loo.ch\/fr\/wp-json\/wp\/v2\/pages\/77\/revisions\/14049"}],"wp:attachment":[{"href":"https:\/\/va-loo.ch\/fr\/wp-json\/wp\/v2\/media?parent=77"}],"curies":[{"name":"wp","href":"https:\/\/api.w.org\/{rel}","templated":true}]}}